{"id":24,"date":"2023-12-14T03:47:46","date_gmt":"2023-12-14T03:47:46","guid":{"rendered":"https:\/\/diasalogistica.com\/?page_id=24"},"modified":"2023-12-14T03:58:11","modified_gmt":"2023-12-14T03:58:11","slug":"aviso-de-privacidad","status":"publish","type":"page","link":"http:\/\/diasalogistica.com\/mx\/aviso-de-privacidad\/","title":{"rendered":"Aviso de Privacidad"},"content":{"rendered":"\n<h2 class=\"wp-block-heading\"><strong>Aviso de Privacidad y Protecci\u00f3n de Datos Personales.<\/strong><\/h2>\n\n\n\n<p>Comercio y Logistica de Valor Agregado Diasa SA de CV., con domicilio en Porfirio Diaz 216 col. Centro Apodaca, N.L C.P. 66600, est\u00e1 comprometido con la protecci\u00f3n de sus datos personales y la privacidad asumiendo la responsabilidad de su uso, manejo y confidencialidad de acuerdo con lo previsto con las normativas siguientes: Ley Federal de Protecci\u00f3n de Datos Personales en Posesi\u00f3n de los Particulares y Ley de Protecci\u00f3n de Datos Personales en Posesi\u00f3n de Sujetos Obligados del Estado de Nuevo Le\u00f3n. Con el fin de darte a conocer la informaci\u00f3n relativa a las caracter\u00edsticas principales del tratamiento al que ser\u00e1n sometidos sus datos personales, emite el presente aviso de privacidad.\u00a0<\/p>\n\n\n\n<p>Para Comercio y Logistica de Valor Agregado Diasa SA de CV., su informaci\u00f3n personal es valiosa, por lo que se debe cuidarla como lo har\u00eda con cualquier otro bien con valor e importancia para Usted, este bien intangible que nos proporciona.\u00a0<\/p>\n\n\n\n<p>Consideramos que, por ser una empresa legalmente constituida, tenemos la obligaci\u00f3n de cumplir con las medidas legales y de seguridad suficientes para proteger aquellos Datos Personales que se hayan recabado para las finalidades que se describen en el presente aviso de privacidad.<\/p>\n\n\n\n<p>Por ello, es importante que tenga presente que los datos personales dicen quienes somos; qu\u00e9 cosas nos gustan; cu\u00e1les son nuestras capacidades, habilidades o deficiencias; con qui\u00e9n nos relacionamos; cu\u00e1les son nuestras preferencias; adem\u00e1s, revelan informaci\u00f3n financiera sobre nuestro patrimonio, es decir, dicen todo sobre nuestra persona.<\/p>\n\n\n\n<p>Ahora bien, al ser responsable de su uso, manejo y confidencialidad mediante continua revisi\u00f3n de nuestros procesos de protecci\u00f3n de datos de manera f\u00edsica como electr\u00f3nica. Todos los datos personales que le son recabados ser\u00e1n utilizados para la administraci\u00f3n y operaci\u00f3n de los servicios y\/o proyectos que se le soliciten a Comercio y Logistica de Valor Agregado Diasa SA de CV.<\/p>\n\n\n\n<p><strong>Informaci\u00f3n proporcionada por el Titular<\/strong>:\u00a0<\/p>\n\n\n\n<p>Para cumplir con las finalidades previstas en el presente Aviso de Privacidad, Comercio y Logistica de Valor Agregado Diasa SA de CV., recabar\u00e1 la siguiente informaci\u00f3n de manera directa:<\/p>\n\n\n\n<ul class=\"wp-block-list\">\n<li>Datos de identificaci\u00f3n, incluyendo tu imagen;<\/li>\n\n\n\n<li>Datos migratorios;<\/li>\n\n\n\n<li>Datos de contacto;<\/li>\n\n\n\n<li>Datos de ubicaci\u00f3n;<\/li>\n\n\n\n<li>Datos laborales;<\/li>\n\n\n\n<li>Datos acad\u00e9micos; y,<\/li>\n\n\n\n<li>Datos patrimoniales y\/o financieros.<\/li>\n<\/ul>\n\n\n\n<p>No omito hacer de su conocimiento, de algunos de los datos personales que recabamos de forma directa o por otras fuentes permitidas por la Ley son:<\/p>\n\n\n\n<ul class=\"wp-block-list\">\n<li>Nombre completo.&nbsp;<\/li>\n\n\n\n<li>C.U.R.P.&nbsp;<\/li>\n\n\n\n<li>Fecha de nacimiento.<\/li>\n\n\n\n<li>R.F.C.<\/li>\n\n\n\n<li>Nacionalidad.&nbsp;<\/li>\n\n\n\n<li>Ocupaci\u00f3n<\/li>\n\n\n\n<li>Direcci\u00f3n \/ Domicilio.&nbsp;<\/li>\n\n\n\n<li>Ingresos.&nbsp;<\/li>\n\n\n\n<li>Persona f\u00edsica o persona moral.<\/li>\n\n\n\n<li>Raz\u00f3n Social.&nbsp;<\/li>\n\n\n\n<li>N\u00famero tel\u00e9fono o celular.&nbsp;<\/li>\n\n\n\n<li>Correo Electr\u00f3nico.&nbsp;<\/li>\n\n\n\n<li>Referencias personas.&nbsp;<\/li>\n\n\n\n<li>Entre otros.<\/li>\n<\/ul>\n\n\n\n<p><strong>Objetivo del Tratamiento de Datos:<\/strong><\/p>\n\n\n\n<p>Los Datos Personales que el Titular proporcione al Responsable tienen como finalidad la (posible en su caso trat\u00e1ndose de prospectos de clientes) relaci\u00f3n contractual a generarse entre el Titular con el Responsable y acotarse en virtud de las condiciones generales aceptadas, condiciones particulares descritas en cada caso, la gesti\u00f3n, la administraci\u00f3n, prestaci\u00f3n, ampliaci\u00f3n y mejora de los productos y servicios que el Titular desee contratar, as\u00ed como por las actividades propias del Responsable en su objeto social.<\/p>\n\n\n\n<p>El Titular faculta al Responsable para allegarse de Datos Personales a trav\u00e9s de terceros que el propio Titular haya autorizado frente al Responsable en calidad de referencias. Es decir, Comercio y Logistica de Valor Agregado Diasa SA de CV. podr\u00e1 recabar estos datos personales de manera indirecta en caso de que estos nos sean proporcionados por parte de Sociedades de Informaci\u00f3n Crediticia, autoridades gubernamentales y\/u otros terceros con los que Comercio y Logistica de Valor Agregado Diasa SA de CV. tenga celebraci\u00f3n de acuerdos.<\/p>\n\n\n\n<p>Por otra parte, dentro del ordenamiento que nos permite la protecci\u00f3n de datos personales es un derecho humano que le da a los individuos el poder de controlar la informaci\u00f3n que comparten con terceros, as\u00ed como el derecho a que \u00e9sta se utilice de forma adecuada, para permitir el ejercicio de otros derechos y evitar da\u00f1os a su Titular.<\/p>\n\n\n\n<p>Por ello, la Constituci\u00f3n Pol\u00edtica de los Estados Unidos Mexicanos, en su art\u00edculo 16, en el p\u00e1rrafo II, reconoce el derecho a la protecci\u00f3n de sus datos personales como una garant\u00eda individual, al se\u00f1alar que <em>\u201c&#8230;Toda persona tiene derecho a la protecci\u00f3n de sus datos personales, al acceso, rectificaci\u00f3n y cancelaci\u00f3n de los mismos, as\u00ed como a manifestar su oposici\u00f3n en los terminos que fije la Ley, la cual establecer\u00e1 los supuestos de excepci\u00f3n a los principios que rijan el tratamiento de datos, por razones de seguridad nacional, disposiciones de orden p\u00fablico, seguridad y salud p\u00fablicas o para proteger los derechos de terceros&#8230;\u201d<\/em><\/p>\n\n\n\n<p>De acuerdo con la Ley Federal de Protecci\u00f3n de Datos Personales en Posesi\u00f3n de los Particulares, su Reglamento, los Lineamientos del Aviso de Privacidad y con el presente aviso, se entender\u00e1 por:<\/p>\n\n\n\n<ul class=\"wp-block-list\">\n<li><strong>Datos Personales.<\/strong>\u00a0Cualquier informaci\u00f3n concerniente a una persona f\u00edsica y\/o moral identificada o identificable.<\/li>\n\n\n\n<li><strong>Datos Personales sensibles<\/strong>. Aquellos datos personales que afecten a la esfera m\u00e1s \u00edntima de su titular, o cuya utilizaci\u00f3n indebida pueda dar origen a discriminaci\u00f3n o conlleve un riesgo grave para \u00e9ste. En particular, se consideran sensibles aquellos que puedan revelar aspectos como origen racial, \u00e9tnico, estado de salud presente y futura, informaci\u00f3n gen\u00e9tica, creencias religiosas, filos\u00f3ficas y morales, afiliaci\u00f3n sindical, opiniones pol\u00edticas, preferencia sexual, entre otras.<\/li>\n\n\n\n<li><strong>Derechos ARCO.<\/strong>\u00a0Derechos de acceso, rectificaci\u00f3n, cancelaci\u00f3n y oposici\u00f3n previstos en la Ley Federal de Protecci\u00f3n de Datos Personales en Posesi\u00f3n de los Particulares.<\/li>\n\n\n\n<li><strong>Encargado.<\/strong>\u00a0La persona f\u00edsica o jur\u00eddica que sola o conjuntamente con otras trate datos personales por cuenta del responsable.<\/li>\n\n\n\n<li><strong>Ley.<\/strong>\u00a0Ley Federal de Protecci\u00f3n de Datos Personales en Posesi\u00f3n de los Particulares.<\/li>\n\n\n\n<li><strong>Lineamientos.<\/strong>\u00a0Lineamientos del Aviso de Privacidad.<\/li>\n\n\n\n<li><strong>Reglamento.<\/strong>\u00a0Reglamento de la Ley Federal de Protecci\u00f3n de Datos Personales en Posesi\u00f3n de los Particulares.<\/li>\n\n\n\n<li><strong>Remisi\u00f3n.<\/strong>\u00a0La comunicaci\u00f3n de datos personales entre el responsable y el encargado, dentro o fuera del territorio mexicano.<\/li>\n\n\n\n<li><strong>Responsable.<\/strong>\u00a0Comercio y Logistica de Valor Agregado Diasa SA de CV., quien llevara a cabo el tratamiento de sus datos personales.<\/li>\n\n\n\n<li><strong>Titular.<\/strong>\u00a0La persona f\u00edsica y\/o moral a quien corresponden los datos personales.<\/li>\n<\/ul>\n\n\n\n<p>El Responsable ha adoptado los niveles de seguridad y de protecci\u00f3n de Datos Personales requeridos por Ley, adicionalmente, podr\u00e1 implementar otros medios y medidas t\u00e9cnicas que se encuentren a su alcance para evitar la p\u00e9rdida, mal uso, alteraci\u00f3n, acceso no autorizado y robo de los Datos Personales proporcionados por el Titular.<\/p>\n\n\n\n<p>Usted podr\u00e1 limitar el uso y divulgaci\u00f3n de sus Datos Personales a trav\u00e9s del env\u00edo de un correo electr\u00f3nico a la direcci\u00f3n electr\u00f3nica <a href=\"mailto:Alopez@cruzgonzalez.mx\">Alopez@cruzgonzalez.mx<\/a> en donde podr\u00e1 explicar qu\u00e9 datos y su deseo de que los mismos no sean utilizados para recibir comunicados o promociones por parte del Responsable.<\/p>\n\n\n\n<p>En todo momento usted podr\u00e1 limitar el uso o divulgaci\u00f3n de sus datos personales mediante el ejercicio de los derechos ARCO (Acceso, Rectificaci\u00f3n, Cancelaci\u00f3n y Oposici\u00f3n) que la Ley prev\u00e9 mediante la presentaci\u00f3n de su solicitud por escrito en cualquiera de nuestras Sucursales o en nuestra oficina de Corporativo, o correo electr\u00f3nico <a href=\"mailto:Alopez@cruzgonzalez.mx\">Alopez@cruzgonzalez.mx<\/a><\/p>\n\n\n\n<ul class=\"wp-block-list\">\n<li>Deber\u00e1 llenar el Formulario de Revocaci\u00f3n del Consentimiento, Negativa de Tratamiento y Ejercicio de Derechos ARCO solicit\u00e1ndolo al correo avisodeprivacidad@cruzgonzalez.mx, y acompa\u00f1ado por los documentos que acrediten su identidad y en su caso, la personalidad de su representante legal.<\/li>\n\n\n\n<li>En caso de que los datos que hayan sido proporcionados, no resulten suficientes para localizar la informaci\u00f3n que nos solicita, o los mismos sean imprecisos o err\u00f3neos, en un t\u00e9rmino de tres d\u00edas h\u00e1biles le requeriremos que los complemente o aclare; en caso de no recibir respuesta, o la informaci\u00f3n sea err\u00f3nea opoco clara, se tendr\u00e1 por no presentada, consider\u00e1ndose la solicitud como improcedente.<\/li>\n\n\n\n<li>Si la solicitud resultara procedente, nuestro plazo de respuesta ser\u00e1 de (20) veinte d\u00edas h\u00e1biles contados a partir de la recepci\u00f3n de su solicitud, y el plazo para el env\u00edo de la informaci\u00f3n requerida, se har\u00e1 efectivo dentro de los (15) quince d\u00edas h\u00e1biles siguientes a la fecha en que se comunica la procedencia de \u00e9sta.<\/li>\n\n\n\n<li>Se entregar\u00e1 la informaci\u00f3n de manera electr\u00f3nica al correo que nos proporciona en el Formulario, de manera gratuita, \u00fanicamente podremos cobrar los gastos justificados de env\u00edo o derivados de la emisi\u00f3n de copias y\/u otros formatos, los cuales les ser\u00e1n informados con debida antelaci\u00f3n.<\/li>\n<\/ul>\n\n\n\n<p>Se le informa que les asiste su derecho para acudir ante el Instituto Nacional de Transparencia, Acceso a la Informaci\u00f3n y Protecci\u00f3n de Datos en caso de considerar que su derecho a la protecci\u00f3n de Datos Personales ha sido vulnerado.<\/p>\n","protected":false},"excerpt":{"rendered":"<p>Aviso de Privacidad y Protecci\u00f3n de Datos Personales. Comercio y Logistica de Valor Agregado Diasa SA de CV., con domicilio en Porfirio Diaz 216 col. Centro Apodaca, N.L C.P. 66600, est\u00e1 comprometido con la protecci\u00f3n de sus datos personales y la privacidad asumiendo la responsabilidad de su uso, manejo y confidencialidad de acuerdo con lo [&hellip;]<\/p>\n","protected":false},"author":1,"featured_media":0,"parent":0,"menu_order":0,"comment_status":"closed","ping_status":"closed","template":"","meta":{"om_disable_all_campaigns":false,"_monsterinsights_skip_tracking":false,"_monsterinsights_sitenote_active":false,"_monsterinsights_sitenote_note":"","_monsterinsights_sitenote_category":0,"_uf_show_specific_survey":0,"_uf_disable_surveys":false,"footnotes":""},"class_list":["post-24","page","type-page","status-publish","hentry"],"_links":{"self":[{"href":"http:\/\/diasalogistica.com\/mx\/wp-json\/wp\/v2\/pages\/24","targetHints":{"allow":["GET"]}}],"collection":[{"href":"http:\/\/diasalogistica.com\/mx\/wp-json\/wp\/v2\/pages"}],"about":[{"href":"http:\/\/diasalogistica.com\/mx\/wp-json\/wp\/v2\/types\/page"}],"author":[{"embeddable":true,"href":"http:\/\/diasalogistica.com\/mx\/wp-json\/wp\/v2\/users\/1"}],"replies":[{"embeddable":true,"href":"http:\/\/diasalogistica.com\/mx\/wp-json\/wp\/v2\/comments?post=24"}],"version-history":[{"count":2,"href":"http:\/\/diasalogistica.com\/mx\/wp-json\/wp\/v2\/pages\/24\/revisions"}],"predecessor-version":[{"id":26,"href":"http:\/\/diasalogistica.com\/mx\/wp-json\/wp\/v2\/pages\/24\/revisions\/26"}],"wp:attachment":[{"href":"http:\/\/diasalogistica.com\/mx\/wp-json\/wp\/v2\/media?parent=24"}],"curies":[{"name":"wp","href":"https:\/\/api.w.org\/{rel}","templated":true}]}}